{"id":689,"date":"2026-04-18T21:00:29","date_gmt":"2026-04-18T21:00:29","guid":{"rendered":"https:\/\/noondreams.com\/?page_id=689"},"modified":"2026-04-21T06:37:24","modified_gmt":"2026-04-21T06:37:24","slug":"poesie","status":"publish","type":"page","link":"https:\/\/noondreams.com\/?page_id=689","title":{"rendered":"Poesie"},"content":{"rendered":"<p>&nbsp;<\/p>\n<p><strong>Von der Geburt bis zum Tod in Stille<\/strong><br \/>\nEs ist ein anderer Tag in \u00d6sterreich. Die Sonne scheint am Himmel, und wenn ich rausgehe, h\u00f6re ich viele V\u00f6gel singen. Du und ich sind uns sicher, dass das, was Tiere wie V\u00f6gel singen oder, richtiger gesagt, die Laute, die sie machen, keine Bedeutung wie die menschliche Sprache hat, die wir benutzen. Sie machen diese Laute, um die Aufmerksamkeit des anderen Geschlechts auf sich zu ziehen. Aber ich denke, ich habe Tiere gesehen, die Laute machten, w\u00e4hrend sie eine Wunde hatten. Vielleicht geschieht das in den ersten Stunden nach der Verletzung. In der Natur sind Weinen oder Schreien gef\u00e4hrlich, weil die Tiere, die in der Ern\u00e4hrungspyramide \u00fcber dir stehen, verstehen, dass jemand nicht f\u00e4hig ist, und ich kann mit meinem Nasenloch den Geruch von Blut wahrnehmen. Wenn ein Tier also klug w\u00e4re, w\u00fcrde es still Schmerzen ertragen. Genauso muss der Mensch von der Geburt bis zum Tod still bleiben.<\/p>\n<p style=\"text-align: justify;\"><strong>Im Spiegel der Fremden<\/strong><br \/>\nHeute bin ich sehr gut gefahren. Der Lehrer hat mir gesagt, dass ich es sehr gut gemacht habe, aber au\u00dferdem wollte er ein bisschen mehr Geld von mir verdienen. Sie ist klein und dick. Ich verstehe viel von den Wegen der Menschen, die ich jeden Tag besuche, aber ich wei\u00df auch, dass alles, was ich verstehe, falsch ist. Genauer gesagt: Was ich denke, stellt sich als falsch heraus. Noch genauer gesagt: Die Menschen sind immer schlecht, aber was ich aus ihren Wegen verstehe, ist nur Freundlichkeit. Deshalb mag ich es, die Menschen in den Caf\u00e9s nur von Weitem zu sehen, aber nicht neben ihnen mit ihnen zu sprechen. Was mich \u00fcberrascht, ist, dass ich sie immer noch gern anschaue, so wie ich mich im Spiegel sehe.<\/p>\n<p style=\"text-align: justify;\"><strong>K\u00e4mfen um Ruhe zu lernen<\/strong><br \/>\nIch k\u00e4mpfe so viel, um Ruhe zu lernen, aber ich wei\u00df nicht, warum man Ruhe braucht. Ist es nicht die gr\u00f6\u00dfte Tugend in der Welt, dass man f\u00fcr das k\u00e4mpft, was man f\u00fcr richtig h\u00e4lt? Ist es nicht so, dass Heiraten daf\u00fcr da ist, drau\u00dfen zu k\u00e4mpfen und sich innerlich zu streicheln? Sei vorsichtig. Ich bin allein. Innerlich habe ich meine Wunden geleckt.<\/p>\n<p><strong>Reden fur Zeit verbringen<\/strong><br \/>\nHeute ist der 15. April. Prof. Rinner hat mir geantwortet, und sie m\u00f6chte, dass wir uns bis zum 5. Mai treffen. Ich habe Angst, dass ich nichts Neues zu pr\u00e4sentieren habe. Ich habe wirklich Angst. Ich habe verstanden, dass das Schwierigste in der Welt f\u00fcr mich ist, Menschen zu treffen. Ich wei\u00df nicht, warum es so ist, aber ich denke, dass ich keine Idee habe, wie ich mein Leben bis zum Ende leben m\u00f6chte. Ich mache nur verschiedene Erfahrungen, um etwas zu haben, womit ich die Zeit verbringen kann. Ich habe mich in letzter Zeit oft gefragt, warum man heiraten muss \u2013 vielleicht, um jemanden zu haben, mit dem man die Zeit verbringen kann. Ich muss die Methoden z\u00e4hlen, mit denen man die Zeit verbringen kann, aber ich denke, die normalste ist das Heiraten. Das hilft einem, mit einer anderen Person vom fr\u00fchen Abend bis in die Dunkelheit der Nacht st\u00e4ndig zu reden. Vielleicht ist Reden, entgegen dem, was wir bisher gedacht haben, kein Mittel zur Kommunikation, sondern ein Mittel, um die Zeit zu verbringen.<\/p>\n<p><strong>Untodlisch Wund<\/strong><br \/>\nHallo. Heute habe ich wieder, und ich denke zum dritten Mal in Folge, viel geschlafen wie ein Kleinkind. Ich glaube, ich bin w\u00e4hrend der Nacht oft aufgewacht und dann in der Dunkelheit wieder eingeschlafen. N\u00e4chte wie die letzte Nacht kommen in meinem Leben oft vor und sind eine Folter, die jeden Morgen vergessen wird. Die Folter wird vergessen, aber wer glaubt, dass Folter, weder k\u00f6rperlich noch seelisch, so schnell vergessbar ist? In der Zeitspanne, in der die Sonne ihre Augen schlie\u00dft, bis sie sie wieder \u00f6ffnet, sind die Wunden nicht vergessbar. Vielleicht vergisst man den Grund der Wunde, aber der Schmerz existiert lange nach dem Tod der Sonne.<\/p>\n<p><strong>Ruhigkeit<\/strong><br \/>\nHeute habe ich sehr gut geschlafen und bin um 10:00 Uhr aufgewacht. Zuallererst dachte ich, dass ich an meiner PhD arbeiten muss, und ich habe auch ein bisschen gearbeitet, aber dann dachte ich, dass ich der Natur Tribut zollen muss, denn nur die Natur gibt mir Ruhe. Die Erde, das ruhig flie\u00dfende Wasser und das Feuer. Einmal, als ich zum ersten Mal als Reisef\u00fchrer gearbeitet habe, habe ich einen Feuertempel der Zoroastrier besucht. Dabei habe ich festgestellt, dass auch das Feuer eine Quelle der Ruhe ist. Aber die Frage ist: Wenn Ruhe das Hauptziel des Lebens ist, warum sitzen wir dann nicht von Anfang des Lebens an im Boot des Grabes?<\/p>\n","protected":false},"excerpt":{"rendered":"<p>&nbsp; Von der Geburt bis zum Tod in Stille Es ist ein anderer Tag in \u00d6sterreich. Die Sonne scheint am Himmel, und wenn ich rausgehe, h\u00f6re ich viele V\u00f6gel singen. Du und ich sind uns sicher, dass das, was Tiere wie V\u00f6gel singen oder, richtiger gesagt, die Laute, die sie machen, keine Bedeutung wie die [&hellip;]<\/p>\n","protected":false},"author":1,"featured_media":0,"parent":687,"menu_order":0,"comment_status":"closed","ping_status":"closed","template":"","meta":{"footnotes":""},"class_list":["post-689","page","type-page","status-publish","hentry"],"_links":{"self":[{"href":"https:\/\/noondreams.com\/index.php?rest_route=\/wp\/v2\/pages\/689","targetHints":{"allow":["GET"]}}],"collection":[{"href":"https:\/\/noondreams.com\/index.php?rest_route=\/wp\/v2\/pages"}],"about":[{"href":"https:\/\/noondreams.com\/index.php?rest_route=\/wp\/v2\/types\/page"}],"author":[{"embeddable":true,"href":"https:\/\/noondreams.com\/index.php?rest_route=\/wp\/v2\/users\/1"}],"replies":[{"embeddable":true,"href":"https:\/\/noondreams.com\/index.php?rest_route=%2Fwp%2Fv2%2Fcomments&post=689"}],"version-history":[{"count":6,"href":"https:\/\/noondreams.com\/index.php?rest_route=\/wp\/v2\/pages\/689\/revisions"}],"predecessor-version":[{"id":698,"href":"https:\/\/noondreams.com\/index.php?rest_route=\/wp\/v2\/pages\/689\/revisions\/698"}],"up":[{"embeddable":true,"href":"https:\/\/noondreams.com\/index.php?rest_route=\/wp\/v2\/pages\/687"}],"wp:attachment":[{"href":"https:\/\/noondreams.com\/index.php?rest_route=%2Fwp%2Fv2%2Fmedia&parent=689"}],"curies":[{"name":"wp","href":"https:\/\/api.w.org\/{rel}","templated":true}]}}